{"id":17,"date":"2024-08-27T11:46:47","date_gmt":"2024-08-27T14:46:47","guid":{"rendered":"https:\/\/pedes.planejamento.rj.gov.br\/pedes\/?page_id=17"},"modified":"2025-10-17T15:30:05","modified_gmt":"2025-10-17T18:30:05","slug":"portal-pedes","status":"publish","type":"page","link":"https:\/\/pedes.planejamento.rj.gov.br\/pedes\/","title":{"rendered":"Portal Pedes"},"content":{"rendered":"\t\t<div data-elementor-type=\"wp-page\" data-elementor-id=\"17\" class=\"elementor elementor-17\" data-elementor-post-type=\"page\">\n\t\t\t\t<div class=\"elementor-element elementor-element-3cf7f1b e-con-full e-flex e-con e-parent\" data-id=\"3cf7f1b\" data-element_type=\"container\">\n\t\t<div class=\"elementor-element elementor-element-b66ff96 e-con-full e-flex e-con e-child\" data-id=\"b66ff96\" data-element_type=\"container\">\n\t\t<div class=\"elementor-element elementor-element-9fb6935 e-con-full e-flex e-con e-child\" data-id=\"9fb6935\" data-element_type=\"container\">\n\t\t<div class=\"elementor-element elementor-element-cf7bf3c e-con-full e-flex e-con e-child\" data-id=\"cf7bf3c\" data-element_type=\"container\">\n\t\t\t\t<div class=\"elementor-element elementor-element-fb92015 elementor-widget__width-initial elementor-widget-divider--view-line elementor-widget elementor-widget-divider\" data-id=\"fb92015\" data-element_type=\"widget\" data-widget_type=\"divider.default\">\n\t\t\t\t<div class=\"elementor-widget-container\">\n\t\t\t\t\t\t\t<div class=\"elementor-divider\">\n\t\t\t<span class=\"elementor-divider-separator\">\n\t\t\t\t\t\t<\/span>\n\t\t<\/div>\n\t\t\t\t\t\t<\/div>\n\t\t\t\t<\/div>\n\t\t\t\t<div class=\"elementor-element elementor-element-210b582 elementor-widget__width-initial elementor-widget-divider--view-line elementor-widget elementor-widget-divider\" data-id=\"210b582\" data-element_type=\"widget\" data-widget_type=\"divider.default\">\n\t\t\t\t<div class=\"elementor-widget-container\">\n\t\t\t\t\t\t\t<div class=\"elementor-divider\">\n\t\t\t<span class=\"elementor-divider-separator\">\n\t\t\t\t\t\t<\/span>\n\t\t<\/div>\n\t\t\t\t\t\t<\/div>\n\t\t\t\t<\/div>\n\t\t\t\t<div class=\"elementor-element elementor-element-c0cb683 elementor-widget__width-initial elementor-widget-divider--view-line elementor-widget elementor-widget-divider\" data-id=\"c0cb683\" data-element_type=\"widget\" data-widget_type=\"divider.default\">\n\t\t\t\t<div class=\"elementor-widget-container\">\n\t\t\t\t\t\t\t<div class=\"elementor-divider\">\n\t\t\t<span class=\"elementor-divider-separator\">\n\t\t\t\t\t\t<\/span>\n\t\t<\/div>\n\t\t\t\t\t\t<\/div>\n\t\t\t\t<\/div>\n\t\t\t\t<div class=\"elementor-element elementor-element-90cbf2e elementor-widget__width-initial elementor-widget-divider--view-line elementor-widget elementor-widget-divider\" data-id=\"90cbf2e\" data-element_type=\"widget\" data-widget_type=\"divider.default\">\n\t\t\t\t<div class=\"elementor-widget-container\">\n\t\t\t\t\t\t\t<div class=\"elementor-divider\">\n\t\t\t<span class=\"elementor-divider-separator\">\n\t\t\t\t\t\t<\/span>\n\t\t<\/div>\n\t\t\t\t\t\t<\/div>\n\t\t\t\t<\/div>\n\t\t\t\t<div class=\"elementor-element elementor-element-4c771e3 elementor-widget__width-initial elementor-widget-divider--view-line elementor-widget elementor-widget-divider\" data-id=\"4c771e3\" data-element_type=\"widget\" data-widget_type=\"divider.default\">\n\t\t\t\t<div class=\"elementor-widget-container\">\n\t\t\t\t\t\t\t<div class=\"elementor-divider\">\n\t\t\t<span class=\"elementor-divider-separator\">\n\t\t\t\t\t\t<\/span>\n\t\t<\/div>\n\t\t\t\t\t\t<\/div>\n\t\t\t\t<\/div>\n\t\t\t\t<\/div>\n\t\t\t\t<\/div>\n\t\t\t\t<\/div>\n\t\t\t\t<\/div>\n\t\t<div class=\"elementor-element elementor-element-0d122a5 e-con-full e-flex e-con e-parent\" data-id=\"0d122a5\" data-element_type=\"container\">\n\t\t<div class=\"elementor-element elementor-element-ec8ab3a e-con-full e-flex e-con e-child\" data-id=\"ec8ab3a\" data-element_type=\"container\" data-settings=\"{&quot;background_background&quot;:&quot;gradient&quot;}\">\n\t\t\t\t<div class=\"elementor-element elementor-element-a432434 elementor-widget-tablet__width-initial elementor-widget elementor-widget-jw-carousel\" data-id=\"a432434\" data-element_type=\"widget\" data-settings=\"{&quot;slides_to_show&quot;:&quot;1&quot;}\" data-widget_type=\"jw-carousel.default\">\n\t\t\t\t<div class=\"elementor-widget-container\">\n\t\t\t\t\t<div class=\"elementor-jw-carousel jet-widgets\"><div class=\"jw-carousel-wrap\">\n\t<div class=\"jw-carousel elementor-slick-slider\" data-slider_options=\"{&quot;autoplaySpeed&quot;:5000,&quot;autoplay&quot;:true,&quot;infinite&quot;:true,&quot;pauseOnHover&quot;:false,&quot;speed&quot;:500,&quot;arrows&quot;:true,&quot;dots&quot;:false,&quot;slidesToScroll&quot;:1,&quot;prevArrow&quot;:&quot;&lt;span class=\\&quot;jet-widgets-icon prev-arrow jw-arrow slick-arrow\\&quot;&gt;&lt;svg aria-hidden=\\&quot;true\\&quot; class=\\&quot;e-font-icon-svg e-fas-angle-left\\&quot; viewBox=\\&quot;0 0 256 512\\&quot; xmlns=\\&quot;http:\\\/\\\/www.w3.org\\\/2000\\\/svg\\&quot;&gt;&lt;path d=\\&quot;M31.7 239l136-136c9.4-9.4 24.6-9.4 33.9 0l22.6 22.6c9.4 9.4 9.4 24.6 0 33.9L127.9 256l96.4 96.4c9.4 9.4 9.4 24.6 0 33.9L201.7 409c-9.4 9.4-24.6 9.4-33.9 0l-136-136c-9.5-9.4-9.5-24.6-.1-34z\\&quot;&gt;&lt;\\\/path&gt;&lt;\\\/svg&gt;&lt;\\\/span&gt;&quot;,&quot;variableWidth&quot;:false,&quot;vertical&quot;:false,&quot;nextArrow&quot;:&quot;&lt;span class=\\&quot;jet-widgets-icon next-arrow jw-arrow slick-arrow\\&quot;&gt;&lt;svg aria-hidden=\\&quot;true\\&quot; class=\\&quot;e-font-icon-svg e-fas-angle-right\\&quot; viewBox=\\&quot;0 0 256 512\\&quot; xmlns=\\&quot;http:\\\/\\\/www.w3.org\\\/2000\\\/svg\\&quot;&gt;&lt;path d=\\&quot;M224.3 273l-136 136c-9.4 9.4-24.6 9.4-33.9 0l-22.6-22.6c-9.4-9.4-9.4-24.6 0-33.9l96.4-96.4-96.4-96.4c-9.4-9.4-9.4-24.6 0-33.9L54.3 103c9.4-9.4 24.6-9.4 33.9 0l136 136c9.5 9.4 9.5 24.6.1 34z\\&quot;&gt;&lt;\\\/path&gt;&lt;\\\/svg&gt;&lt;\\\/span&gt;&quot;,&quot;rtl&quot;:false,&quot;fade&quot;:false}\" dir=\"ltr\">\n<div class=\"jw-carousel__item\">\n\t<div class=\"jw-carousel__item-inner\"><a href=\"https:\/\/estrategia.planejamento.rj.gov.br\/#\/\" class=\"jw-carousel__item-link\"><img decoding=\"async\" src=\"http:\/\/pedes.planejamento.rj.gov.br\/pedes\/wp-content\/uploads\/2024\/11\/Estrategia.png\" alt=\"\" class=\"jw-carousel__item-img\"><\/a><\/div>\n<\/div>\n<div class=\"jw-carousel__item\">\n\t<div class=\"jw-carousel__item-inner\"><a href=\"https:\/\/pedes.planejamento.rj.gov.br\/pedes\/?p=15778\" class=\"jw-carousel__item-link\"><img decoding=\"async\" src=\"http:\/\/pedes.planejamento.rj.gov.br\/pedes\/wp-content\/uploads\/2025\/08\/WhatsApp-Image-2025-08-25-at-14.30.50.jpeg\" alt=\"\" class=\"jw-carousel__item-img\"><\/a><\/div>\n<\/div>\n<div class=\"jw-carousel__item\">\n\t<div class=\"jw-carousel__item-inner\"><a href=\"https:\/\/pedes.planejamento.rj.gov.br\/pedes\/?p=851\" class=\"jw-carousel__item-link\"><img decoding=\"async\" src=\"http:\/\/pedes.planejamento.rj.gov.br\/pedes\/wp-content\/uploads\/2024\/11\/Paineis-inicio.png\" alt=\"\" class=\"jw-carousel__item-img\"><\/a><\/div>\n<\/div>\n<\/div><\/div>\n<\/div>\t\t\t\t<\/div>\n\t\t\t\t<\/div>\n\t\t\t\t<\/div>\n\t\t<div class=\"elementor-element elementor-element-924208c e-con-full e-flex e-con e-child\" data-id=\"924208c\" data-element_type=\"container\" data-settings=\"{&quot;background_background&quot;:&quot;gradient&quot;}\">\n\t\t<div class=\"elementor-element elementor-element-8a53198 e-flex e-con-boxed e-con e-child\" data-id=\"8a53198\" data-element_type=\"container\">\n\t\t\t\t\t<div class=\"e-con-inner\">\n\t\t\t\t<div class=\"elementor-element elementor-element-abe93c4 elementor-widget-tablet__width-initial elementor-widget elementor-widget-image\" data-id=\"abe93c4\" data-element_type=\"widget\" data-widget_type=\"image.default\">\n\t\t\t\t<div class=\"elementor-widget-container\">\n\t\t\t\t\t\t\t\t\t\t\t\t\t\t\t\t<a href=\"https:\/\/pedes.planejamento.rj.gov.br\/pedes\/?p=875\">\n\t\t\t\t\t\t\t<img fetchpriority=\"high\" decoding=\"async\" width=\"1024\" height=\"292\" src=\"https:\/\/pedes.planejamento.rj.gov.br\/pedes\/wp-content\/uploads\/2025\/10\/Portal-PEDES_Imagens-inicio-1-1024x292.png\" class=\"attachment-large size-large wp-image-15944\" alt=\"\" srcset=\"https:\/\/pedes.planejamento.rj.gov.br\/pedes\/wp-content\/uploads\/2025\/10\/Portal-PEDES_Imagens-inicio-1-1024x292.png 1024w, https:\/\/pedes.planejamento.rj.gov.br\/pedes\/wp-content\/uploads\/2025\/10\/Portal-PEDES_Imagens-inicio-1-300x86.png 300w, https:\/\/pedes.planejamento.rj.gov.br\/pedes\/wp-content\/uploads\/2025\/10\/Portal-PEDES_Imagens-inicio-1-768x219.png 768w, https:\/\/pedes.planejamento.rj.gov.br\/pedes\/wp-content\/uploads\/2025\/10\/Portal-PEDES_Imagens-inicio-1-1536x439.png 1536w, https:\/\/pedes.planejamento.rj.gov.br\/pedes\/wp-content\/uploads\/2025\/10\/Portal-PEDES_Imagens-inicio-1.png 2000w\" sizes=\"(max-width: 1024px) 100vw, 1024px\" \/>\t\t\t\t\t\t\t\t<\/a>\n\t\t\t\t\t\t\t\t\t\t\t\t\t\t\t<\/div>\n\t\t\t\t<\/div>\n\t\t\t\t\t<\/div>\n\t\t\t\t<\/div>\n\t\t<div class=\"elementor-element elementor-element-01201e3 e-con-full e-flex e-con e-child\" data-id=\"01201e3\" data-element_type=\"container\">\n\t\t\t\t<div class=\"elementor-element elementor-element-ea16faa elementor-widget__width-initial elementor-widget elementor-widget-image\" data-id=\"ea16faa\" data-element_type=\"widget\" data-widget_type=\"image.default\">\n\t\t\t\t<div class=\"elementor-widget-container\">\n\t\t\t\t\t\t\t\t\t\t\t\t\t\t\t\t<a href=\"https:\/\/pedes.planejamento.rj.gov.br\/pedes\/?p=603\">\n\t\t\t\t\t\t\t<img decoding=\"async\" width=\"1024\" height=\"591\" src=\"https:\/\/pedes.planejamento.rj.gov.br\/pedes\/wp-content\/uploads\/2024\/11\/Missoes-inicio-1024x591.png\" class=\"attachment-large size-large wp-image-6935\" alt=\"\" srcset=\"https:\/\/pedes.planejamento.rj.gov.br\/pedes\/wp-content\/uploads\/2024\/11\/Missoes-inicio-1024x591.png 1024w, https:\/\/pedes.planejamento.rj.gov.br\/pedes\/wp-content\/uploads\/2024\/11\/Missoes-inicio-300x173.png 300w, https:\/\/pedes.planejamento.rj.gov.br\/pedes\/wp-content\/uploads\/2024\/11\/Missoes-inicio-768x443.png 768w, https:\/\/pedes.planejamento.rj.gov.br\/pedes\/wp-content\/uploads\/2024\/11\/Missoes-inicio.png 1228w\" sizes=\"(max-width: 1024px) 100vw, 1024px\" \/>\t\t\t\t\t\t\t\t<\/a>\n\t\t\t\t\t\t\t\t\t\t\t\t\t\t\t<\/div>\n\t\t\t\t<\/div>\n\t\t\t\t<div class=\"elementor-element elementor-element-baf436a elementor-widget__width-initial elementor-widget elementor-widget-image\" data-id=\"baf436a\" data-element_type=\"widget\" data-widget_type=\"image.default\">\n\t\t\t\t<div class=\"elementor-widget-container\">\n\t\t\t\t\t\t\t\t\t\t\t\t\t\t\t\t<a href=\"https:\/\/pedes.planejamento.rj.gov.br\/pedes\/?p=484\">\n\t\t\t\t\t\t\t<img decoding=\"async\" width=\"1024\" height=\"591\" src=\"https:\/\/pedes.planejamento.rj.gov.br\/pedes\/wp-content\/uploads\/2024\/11\/O-que-e-PEDES-1024x591.png\" class=\"attachment-large size-large wp-image-6934\" alt=\"\" srcset=\"https:\/\/pedes.planejamento.rj.gov.br\/pedes\/wp-content\/uploads\/2024\/11\/O-que-e-PEDES-1024x591.png 1024w, https:\/\/pedes.planejamento.rj.gov.br\/pedes\/wp-content\/uploads\/2024\/11\/O-que-e-PEDES-300x173.png 300w, https:\/\/pedes.planejamento.rj.gov.br\/pedes\/wp-content\/uploads\/2024\/11\/O-que-e-PEDES-768x443.png 768w, https:\/\/pedes.planejamento.rj.gov.br\/pedes\/wp-content\/uploads\/2024\/11\/O-que-e-PEDES.png 1228w\" sizes=\"(max-width: 1024px) 100vw, 1024px\" \/>\t\t\t\t\t\t\t\t<\/a>\n\t\t\t\t\t\t\t\t\t\t\t\t\t\t\t<\/div>\n\t\t\t\t<\/div>\n\t\t\t\t<\/div>\n\t\t\t\t<\/div>\n\t\t\t\t<\/div>\n\t\t<div class=\"elementor-element elementor-element-9f9e54e e-flex e-con-boxed e-con e-parent\" data-id=\"9f9e54e\" data-element_type=\"container\">\n\t\t\t\t\t<div class=\"e-con-inner\">\n\t\t\t\t<div class=\"elementor-element elementor-element-6de4aaa elementor-widget-tablet__width-initial elementor-widget elementor-widget-spacer\" data-id=\"6de4aaa\" data-element_type=\"widget\" data-widget_type=\"spacer.default\">\n\t\t\t\t<div class=\"elementor-widget-container\">\n\t\t\t\t\t\t\t<div class=\"elementor-spacer\">\n\t\t\t<div class=\"elementor-spacer-inner\"><\/div>\n\t\t<\/div>\n\t\t\t\t\t\t<\/div>\n\t\t\t\t<\/div>\n\t\t\t\t<div class=\"elementor-element elementor-element-82289c7 elementor-widget elementor-widget-heading\" data-id=\"82289c7\" data-element_type=\"widget\" data-widget_type=\"heading.default\">\n\t\t\t\t<div class=\"elementor-widget-container\">\n\t\t\t\t\t<h3 class=\"elementor-heading-title elementor-size-default\">Sobre o PEDES<\/h3>\t\t\t\t<\/div>\n\t\t\t\t<\/div>\n\t\t\t\t<div class=\"elementor-element elementor-element-63dfb1c elementor-widget__width-inherit elementor-widget elementor-widget-text-editor\" data-id=\"63dfb1c\" data-element_type=\"widget\" data-widget_type=\"text-editor.default\">\n\t\t\t\t<div class=\"elementor-widget-container\">\n\t\t\t\t\t\t\t\t\t<p><span style=\"font-weight: 400;\">O PEDES \u00e9 um instrumento previsto na Constitui\u00e7\u00e3o do nosso estado, e est\u00e1 sendo elaborado por servidores p\u00fablicos estaduais de diferentes setores de pol\u00edticas p\u00fablicas. O seu conte\u00fado vem sendo debatido com outros atores sociais e institui\u00e7\u00f5es, incluindo prefeituras municipais. Ao longo do processo de implementa\u00e7\u00e3o do plano, suas a\u00e7\u00f5es ser\u00e3o constantemente acompanhadas e aperfei\u00e7oadas, garantido sua atualiza\u00e7\u00e3o e efetividade. Assim, com o PEDES integrado a outros instrumentos de planejamento, pretendemos, de forma planejada e em di\u00e1logo com a sociedade, construir o estado mais plural, ambientalmente sustent\u00e1vel, seguro e mais igualit\u00e1rio para cidad\u00e3s e cidad\u00e3os fluminenses.<\/span><\/p>\t\t\t\t\t\t\t\t<\/div>\n\t\t\t\t<\/div>\n\t\t\t\t\t<\/div>\n\t\t\t\t<\/div>\n\t\t<div class=\"elementor-element elementor-element-25db9a1 e-con-full e-flex e-con e-parent\" data-id=\"25db9a1\" data-element_type=\"container\">\n\t\t\t\t<div class=\"elementor-element elementor-element-9f2dbf4 elementor-widget elementor-widget-image\" data-id=\"9f2dbf4\" data-element_type=\"widget\" data-widget_type=\"image.default\">\n\t\t\t\t<div class=\"elementor-widget-container\">\n\t\t\t\t\t\t\t\t\t\t\t\t\t\t\t<img loading=\"lazy\" decoding=\"async\" width=\"913\" height=\"41\" src=\"https:\/\/pedes.planejamento.rj.gov.br\/pedes\/wp-content\/uploads\/2024\/11\/linha-color.png\" class=\"attachment-large size-large wp-image-8130\" alt=\"\" srcset=\"https:\/\/pedes.planejamento.rj.gov.br\/pedes\/wp-content\/uploads\/2024\/11\/linha-color.png 913w, https:\/\/pedes.planejamento.rj.gov.br\/pedes\/wp-content\/uploads\/2024\/11\/linha-color-300x13.png 300w, https:\/\/pedes.planejamento.rj.gov.br\/pedes\/wp-content\/uploads\/2024\/11\/linha-color-768x34.png 768w\" sizes=\"(max-width: 913px) 100vw, 913px\" \/>\t\t\t\t\t\t\t\t\t\t\t\t\t\t\t<\/div>\n\t\t\t\t<\/div>\n\t\t\t\t<\/div>\n\t\t<div class=\"elementor-element elementor-element-87584ef e-flex e-con-boxed e-con e-parent\" data-id=\"87584ef\" data-element_type=\"container\">\n\t\t\t\t\t<div class=\"e-con-inner\">\n\t\t\t\t<div class=\"elementor-element elementor-element-4b2c852 elementor-widget-tablet__width-initial elementor-widget elementor-widget-spacer\" data-id=\"4b2c852\" data-element_type=\"widget\" data-widget_type=\"spacer.default\">\n\t\t\t\t<div class=\"elementor-widget-container\">\n\t\t\t\t\t\t\t<div class=\"elementor-spacer\">\n\t\t\t<div class=\"elementor-spacer-inner\"><\/div>\n\t\t<\/div>\n\t\t\t\t\t\t<\/div>\n\t\t\t\t<\/div>\n\t\t\t\t<div class=\"elementor-element elementor-element-ba3b106 elementor-widget elementor-widget-heading\" data-id=\"ba3b106\" data-element_type=\"widget\" data-widget_type=\"heading.default\">\n\t\t\t\t<div class=\"elementor-widget-container\">\n\t\t\t\t\t<h3 class=\"elementor-heading-title elementor-size-default\">Instrumentos de Planejamento\n<\/h3>\t\t\t\t<\/div>\n\t\t\t\t<\/div>\n\t\t\t\t<div class=\"elementor-element elementor-element-a8627c5 elementor-widget-mobile__width-initial elementor-widget elementor-widget-image\" data-id=\"a8627c5\" data-element_type=\"widget\" data-widget_type=\"image.default\">\n\t\t\t\t<div class=\"elementor-widget-container\">\n\t\t\t\t\t\t\t\t\t\t\t\t\t\t\t<img loading=\"lazy\" decoding=\"async\" width=\"1253\" height=\"361\" src=\"https:\/\/pedes.planejamento.rj.gov.br\/pedes\/wp-content\/uploads\/2024\/09\/Instrumentos-de-Planejamento.png\" class=\"attachment-2048x2048 size-2048x2048 wp-image-573\" alt=\"\" srcset=\"https:\/\/pedes.planejamento.rj.gov.br\/pedes\/wp-content\/uploads\/2024\/09\/Instrumentos-de-Planejamento.png 1253w, https:\/\/pedes.planejamento.rj.gov.br\/pedes\/wp-content\/uploads\/2024\/09\/Instrumentos-de-Planejamento-300x86.png 300w, https:\/\/pedes.planejamento.rj.gov.br\/pedes\/wp-content\/uploads\/2024\/09\/Instrumentos-de-Planejamento-1024x295.png 1024w, https:\/\/pedes.planejamento.rj.gov.br\/pedes\/wp-content\/uploads\/2024\/09\/Instrumentos-de-Planejamento-768x221.png 768w\" sizes=\"(max-width: 1253px) 100vw, 1253px\" \/>\t\t\t\t\t\t\t\t\t\t\t\t\t\t\t<\/div>\n\t\t\t\t<\/div>\n\t\t\t\t<div class=\"elementor-element elementor-element-bed4fe0 elementor-widget-tablet__width-initial elementor-widget elementor-widget-spacer\" data-id=\"bed4fe0\" data-element_type=\"widget\" data-widget_type=\"spacer.default\">\n\t\t\t\t<div class=\"elementor-widget-container\">\n\t\t\t\t\t\t\t<div class=\"elementor-spacer\">\n\t\t\t<div class=\"elementor-spacer-inner\"><\/div>\n\t\t<\/div>\n\t\t\t\t\t\t<\/div>\n\t\t\t\t<\/div>\n\t\t\t\t\t<\/div>\n\t\t\t\t<\/div>\n\t\t<div class=\"elementor-element elementor-element-9338471 e-flex e-con-boxed e-con e-parent\" data-id=\"9338471\" data-element_type=\"container\">\n\t\t\t\t\t<div class=\"e-con-inner\">\n\t\t\t\t<div class=\"elementor-element elementor-element-bf15a36 elementor-widget elementor-widget-search\" data-id=\"bf15a36\" data-element_type=\"widget\" data-settings=\"{&quot;submit_trigger&quot;:&quot;click_submit&quot;,&quot;pagination_type_options&quot;:&quot;none&quot;}\" data-widget_type=\"search.default\">\n\t\t\t\t<div class=\"elementor-widget-container\">\n\t\t\t\t\t\t\t<search class=\"e-search hidden\" role=\"search\">\n\t\t\t<form class=\"e-search-form\" action=\"https:\/\/pedes.planejamento.rj.gov.br\/pedes\" method=\"get\">\n\n\t\t\t\t\n\t\t\t\t<label class=\"e-search-label\" for=\"search-bf15a36\">\n\t\t\t\t\t<span class=\"elementor-screen-only\">\n\t\t\t\t\t\tPesquisar\t\t\t\t\t<\/span>\n\t\t\t\t\t\t\t\t\t<\/label>\n\n\t\t\t\t<div class=\"e-search-input-wrapper\">\n\t\t\t\t\t<input id=\"search-bf15a36\" placeholder=\"Digite para iniciar a pesquisa...\" class=\"e-search-input\" type=\"search\" name=\"s\" value=\"\" autocomplete=\"off\" role=\"combobox\" aria-autocomplete=\"list\" aria-expanded=\"false\" aria-controls=\"results-bf15a36\" aria-haspopup=\"listbox\">\n\t\t\t\t\t<svg aria-hidden=\"true\" class=\"e-font-icon-svg e-fas-times\" viewBox=\"0 0 352 512\" xmlns=\"http:\/\/www.w3.org\/2000\/svg\"><path d=\"M242.72 256l100.07-100.07c12.28-12.28 12.28-32.19 0-44.48l-22.24-22.24c-12.28-12.28-32.19-12.28-44.48 0L176 189.28 75.93 89.21c-12.28-12.28-32.19-12.28-44.48 0L9.21 111.45c-12.28 12.28-12.28 32.19 0 44.48L109.28 256 9.21 356.07c-12.28 12.28-12.28 32.19 0 44.48l22.24 22.24c12.28 12.28 32.2 12.28 44.48 0L176 322.72l100.07 100.07c12.28 12.28 32.2 12.28 44.48 0l22.24-22.24c12.28-12.28 12.28-32.19 0-44.48L242.72 256z\"><\/path><\/svg>\t\t\t\t\t\t\t\t\t\t<output id=\"results-bf15a36\" class=\"e-search-results-container hide-loader\" aria-live=\"polite\" aria-atomic=\"true\" aria-label=\"Resultados da pesquisa\" tabindex=\"0\">\n\t\t\t\t\t\t<div class=\"e-search-results\"><\/div>\n\t\t\t\t\t\t\t\t\t\t\t<\/output>\n\t\t\t\t\t\t\t\t\t<\/div>\n\t\t\t\t\n\t\t\t\t\n\t\t\t\t<button class=\"e-search-submit  \" type=\"submit\">\n\t\t\t\t\t\n\t\t\t\t\t\t\t\t\t\t<span class=\"\">\n\t\t\t\t\t\tPesquisar\t\t\t\t\t<\/span>\n\t\t\t\t\t\t\t\t\t<\/button>\n\t\t\t\t<input type=\"hidden\" name=\"e_search_props\" value=\"bf15a36-17\">\n\t\t\t<\/form>\n\t\t<\/search>\n\t\t\t\t\t\t<\/div>\n\t\t\t\t<\/div>\n\t\t\t\t\t<\/div>\n\t\t\t\t<\/div>\n\t\t\t\t<\/div>\n\t\t","protected":false},"excerpt":{"rendered":"<p>Sobre o PEDES O PEDES \u00e9 um instrumento previsto na Constitui\u00e7\u00e3o do nosso estado, e est\u00e1 sendo elaborado por servidores p\u00fablicos estaduais de diferentes setores de pol\u00edticas p\u00fablicas. O seu conte\u00fado vem sendo debatido com outros atores sociais e institui\u00e7\u00f5es, incluindo prefeituras municipais. Ao longo do processo de implementa\u00e7\u00e3o do plano, suas a\u00e7\u00f5es ser\u00e3o constantemente&hellip;&nbsp;<a href=\"https:\/\/pedes.planejamento.rj.gov.br\/pedes\/\" rel=\"bookmark\">Continue a ler &raquo;<span class=\"screen-reader-text\">Portal Pedes<\/span><\/a><\/p>\n","protected":false},"author":3,"featured_media":45,"parent":0,"menu_order":0,"comment_status":"closed","ping_status":"closed","template":"elementor_header_footer","meta":{"_acf_changed":false,"neve_meta_sidebar":"","neve_meta_container":"","neve_meta_enable_content_width":"off","neve_meta_content_width":100,"neve_meta_title_alignment":"","neve_meta_author_avatar":"","neve_post_elements_order":"","neve_meta_disable_header":"","neve_meta_disable_footer":"","neve_meta_disable_title":"","_ti_tpc_template_sync":false,"_ti_tpc_template_id":"","_jet_sm_ready_style":"","_jet_sm_style":"","_jet_sm_controls_values":"","_jet_sm_fonts_collection":"","_jet_sm_fonts_links":"","footnotes":""},"class_list":["post-17","page","type-page","status-publish","has-post-thumbnail","hentry"],"acf":[],"_links":{"self":[{"href":"https:\/\/pedes.planejamento.rj.gov.br\/pedes\/index.php?rest_route=\/wp\/v2\/pages\/17","targetHints":{"allow":["GET"]}}],"collection":[{"href":"https:\/\/pedes.planejamento.rj.gov.br\/pedes\/index.php?rest_route=\/wp\/v2\/pages"}],"about":[{"href":"https:\/\/pedes.planejamento.rj.gov.br\/pedes\/index.php?rest_route=\/wp\/v2\/types\/page"}],"author":[{"embeddable":true,"href":"https:\/\/pedes.planejamento.rj.gov.br\/pedes\/index.php?rest_route=\/wp\/v2\/users\/3"}],"replies":[{"embeddable":true,"href":"https:\/\/pedes.planejamento.rj.gov.br\/pedes\/index.php?rest_route=%2Fwp%2Fv2%2Fcomments&post=17"}],"version-history":[{"count":4479,"href":"https:\/\/pedes.planejamento.rj.gov.br\/pedes\/index.php?rest_route=\/wp\/v2\/pages\/17\/revisions"}],"predecessor-version":[{"id":15947,"href":"https:\/\/pedes.planejamento.rj.gov.br\/pedes\/index.php?rest_route=\/wp\/v2\/pages\/17\/revisions\/15947"}],"wp:featuredmedia":[{"embeddable":true,"href":"https:\/\/pedes.planejamento.rj.gov.br\/pedes\/index.php?rest_route=\/wp\/v2\/media\/45"}],"wp:attachment":[{"href":"https:\/\/pedes.planejamento.rj.gov.br\/pedes\/index.php?rest_route=%2Fwp%2Fv2%2Fmedia&parent=17"}],"curies":[{"name":"wp","href":"https:\/\/api.w.org\/{rel}","templated":true}]}}